{"id":5279,"date":"2025-06-11T18:21:33","date_gmt":"2025-06-11T18:21:33","guid":{"rendered":"https:\/\/depositofrade.com.br\/?post_type=product&#038;p=5279"},"modified":"2026-02-07T12:14:45","modified_gmt":"2026-02-07T12:14:45","slug":"ducha-futura-multitemperaturas-lorenzetti-127v-220v","status":"publish","type":"product","link":"https:\/\/depositofrade.com.br\/?product=ducha-futura-multitemperaturas-lorenzetti-127v-220v","title":{"rendered":"DUCHA FUTURA MULTITEMPERATURAS LORENZETTI (127V &amp; 220V)"},"content":{"rendered":"<p>As duchas\u00a0<strong>Futura<\/strong>\u00a0possuem design moderno e oferecem uma experi\u00eancia \u00fanica de relaxamento durante o banho, al\u00e9m de dispensar o cano para instala\u00e7\u00e3o, deixando o ambiente mais harmonioso. A Ducha Futura Multitemperaturas conta com quatro op\u00e7\u00f5es de temperaturas, garantindo economia em todas as esta\u00e7\u00f5es do ano.<\/p>\n","protected":false},"excerpt":{"rendered":"<p>As duchas\u00a0Futura\u00a0possuem design moderno e oferecem uma experi\u00eancia \u00fanica de relaxamento durante o banho, al\u00e9m de dispensar o cano para instala\u00e7\u00e3o, deixando o ambiente mais harmonioso. A Ducha Futura Multitemperaturas conta com quatro op\u00e7\u00f5es de temperaturas, garantindo economia em todas as esta\u00e7\u00f5es do ano.<\/p>\n","protected":false},"featured_media":5283,"template":"","meta":{"site-sidebar-layout":"default","site-content-layout":"","ast-site-content-layout":"default","site-content-style":"default","site-sidebar-style":"default","ast-global-header-display":"","ast-banner-title-visibility":"","ast-main-header-display":"","ast-hfb-above-header-display":"","ast-hfb-below-header-display":"","ast-hfb-mobile-header-display":"","site-post-title":"","ast-breadcrumbs-content":"","ast-featured-img":"","footer-sml-layout":"","theme-transparent-header-meta":"default","adv-header-id-meta":"","stick-header-meta":"","header-above-stick-meta":"","header-main-stick-meta":"","header-below-stick-meta":"","astra-migrate-meta-layouts":"set","ast-page-background-enabled":"default","ast-page-background-meta":{"desktop":{"background-color":"","background-image":"","background-repeat":"repeat","background-position":"center center","background-size":"auto","background-attachment":"scroll","background-type":"","background-media":"","overlay-type":"","overlay-color":"","overlay-opacity":"","overlay-gradient":""},"tablet":{"background-color":"","background-image":"","background-repeat":"repeat","background-position":"center center","background-size":"auto","background-attachment":"scroll","background-type":"","background-media":"","overlay-type":"","overlay-color":"","overlay-opacity":"","overlay-gradient":""},"mobile":{"background-color":"","background-image":"","background-repeat":"repeat","background-position":"center center","background-size":"auto","background-attachment":"scroll","background-type":"","background-media":"","overlay-type":"","overlay-color":"","overlay-opacity":"","overlay-gradient":""}},"ast-content-background-meta":{"desktop":{"background-color":"var(--ast-global-color-5)","background-image":"","background-repeat":"repeat","background-position":"center center","background-size":"auto","background-attachment":"scroll","background-type":"","background-media":"","overlay-type":"","overlay-color":"","overlay-opacity":"","overlay-gradient":""},"tablet":{"background-color":"var(--ast-global-color-5)","background-image":"","background-repeat":"repeat","background-position":"center center","background-size":"auto","background-attachment":"scroll","background-type":"","background-media":"","overlay-type":"","overlay-color":"","overlay-opacity":"","overlay-gradient":""},"mobile":{"background-color":"var(--ast-global-color-5)","background-image":"","background-repeat":"repeat","background-position":"center center","background-size":"auto","background-attachment":"scroll","background-type":"","background-media":"","overlay-type":"","overlay-color":"","overlay-opacity":"","overlay-gradient":""}},"_joinchat":[]},"product_brand":[],"product_cat":[60],"product_tag":[78],"class_list":{"0":"post-5279","1":"product","2":"type-product","3":"status-publish","4":"has-post-thumbnail","6":"product_cat-chuveiros","7":"product_tag-chuveiro","8":"desktop-align-left","9":"tablet-align-left","10":"mobile-align-left","12":"first","13":"instock","14":"shipping-taxable","15":"product-type-simple"},"_links":{"self":[{"href":"https:\/\/depositofrade.com.br\/index.php?rest_route=\/wp\/v2\/product\/5279","targetHints":{"allow":["GET"]}}],"collection":[{"href":"https:\/\/depositofrade.com.br\/index.php?rest_route=\/wp\/v2\/product"}],"about":[{"href":"https:\/\/depositofrade.com.br\/index.php?rest_route=\/wp\/v2\/types\/product"}],"wp:featuredmedia":[{"embeddable":true,"href":"https:\/\/depositofrade.com.br\/index.php?rest_route=\/wp\/v2\/media\/5283"}],"wp:attachment":[{"href":"https:\/\/depositofrade.com.br\/index.php?rest_route=%2Fwp%2Fv2%2Fmedia&parent=5279"}],"wp:term":[{"taxonomy":"product_brand","embeddable":true,"href":"https:\/\/depositofrade.com.br\/index.php?rest_route=%2Fwp%2Fv2%2Fproduct_brand&post=5279"},{"taxonomy":"product_cat","embeddable":true,"href":"https:\/\/depositofrade.com.br\/index.php?rest_route=%2Fwp%2Fv2%2Fproduct_cat&post=5279"},{"taxonomy":"product_tag","embeddable":true,"href":"https:\/\/depositofrade.com.br\/index.php?rest_route=%2Fwp%2Fv2%2Fproduct_tag&post=5279"}],"curies":[{"name":"wp","href":"https:\/\/api.w.org\/{rel}","templated":true}]}}